{"id":4381,"date":"2025-10-27T20:24:18","date_gmt":"2025-10-27T17:24:18","guid":{"rendered":"https:\/\/asekaendustriyel.com\/?post_type=product&#038;p=4381"},"modified":"2025-10-28T00:01:56","modified_gmt":"2025-10-27T21:01:56","slug":"skala-genel-temizleyici-sprey","status":"publish","type":"product","link":"https:\/\/asekaendustriyel.com\/index.php\/product\/skala-genel-temizleyici-sprey\/","title":{"rendered":"Skala Genel Temizleyici Sprey"},"content":{"rendered":"<p data-start=\"0\" data-end=\"526\"><strong data-start=\"0\" data-end=\"33\">Skala Genel Temizleyici Sprey<\/strong> ile evinizdeki temizlik al\u0131\u015fkanl\u0131klar\u0131n\u0131 ba\u015ftan a\u015fa\u011f\u0131ya de\u011fi\u015ftirebilirsiniz. G\u00fc\u00e7l\u00fc form\u00fcl\u00fc sayesinde, ya\u011f, kir ve lekeleri h\u0131zl\u0131ca temizlerken y\u00fczeylere zarar vermez. Ah\u015fap, cam, metal, plastik gibi \u00e7e\u015fitli y\u00fczeylerde etkili bir temizlik sunar ve ekstra bir g\u00fc\u00e7 sarf etmeye gerek kalmaz. Kullan\u0131m\u0131 son derece pratik olan bu sprey, hem evde hem de ofiste kolayca kullan\u0131labilir. Sa\u011fl\u0131k a\u00e7\u0131s\u0131ndan da g\u00fcvenli olan Skala Genel Temizleyici Sprey, k\u00f6t\u00fc kokular\u0131 giderir ve ferah bir ortam yarat\u0131r.<\/p>\n<p data-start=\"528\" data-end=\"989\" data-is-last-node=\"\" data-is-only-node=\"\">Ayr\u0131ca, yo\u011fun parf\u00fcm kokusu b\u0131rakmayan form\u00fcl\u00fc, temizli\u011fi hissedilir k\u0131lar ve uzun s\u00fcre taze bir hava sa\u011flar. Temizlik s\u0131ras\u0131nda zamandan tasarruf etmek isteyenler i\u00e7in m\u00fckemmel bir \u00e7\u00f6z\u00fcmd\u00fcr. Skala Genel Temizleyici Sprey, g\u00fcnl\u00fck temizlik i\u015flerinizi daha h\u0131zl\u0131 ve daha verimli hale getirirken, evinizin her k\u00f6\u015fesini hijyenik tutman\u0131za yard\u0131mc\u0131 olur. Evinizdeki her y\u00fczeyde g\u00fcvenle kullanabilece\u011finiz bu pratik temizleyici, sizi zahmetli temizliklerden kurtar\u0131r.<\/p>\n","protected":false},"excerpt":{"rendered":"<ul>\n<li><strong>H\u0131zl\u0131 ve etkili<\/strong> temizlik sa\u011flar.<\/li>\n<li><strong>\u00c7e\u015fitli y\u00fczeylerde<\/strong> kullan\u0131labilir.<\/li>\n<li><strong>Ferah koku ve<\/strong> hijyen sunar.<\/li>\n<\/ul>\n","protected":false},"featured_media":4382,"comment_status":"open","ping_status":"closed","template":"","meta":[],"product_brand":[],"product_cat":[15],"product_tag":[],"class_list":{"0":"post-4381","1":"product","2":"type-product","3":"status-publish","4":"has-post-thumbnail","6":"product_cat-tum-urunler","8":"first","9":"instock","10":"shipping-taxable","11":"purchasable","12":"product-type-simple"},"_links":{"self":[{"href":"https:\/\/asekaendustriyel.com\/index.php\/wp-json\/wp\/v2\/product\/4381","targetHints":{"allow":["GET"]}}],"collection":[{"href":"https:\/\/asekaendustriyel.com\/index.php\/wp-json\/wp\/v2\/product"}],"about":[{"href":"https:\/\/asekaendustriyel.com\/index.php\/wp-json\/wp\/v2\/types\/product"}],"replies":[{"embeddable":true,"href":"https:\/\/asekaendustriyel.com\/index.php\/wp-json\/wp\/v2\/comments?post=4381"}],"wp:featuredmedia":[{"embeddable":true,"href":"https:\/\/asekaendustriyel.com\/index.php\/wp-json\/wp\/v2\/media\/4382"}],"wp:attachment":[{"href":"https:\/\/asekaendustriyel.com\/index.php\/wp-json\/wp\/v2\/media?parent=4381"}],"wp:term":[{"taxonomy":"product_brand","embeddable":true,"href":"https:\/\/asekaendustriyel.com\/index.php\/wp-json\/wp\/v2\/product_brand?post=4381"},{"taxonomy":"product_cat","embeddable":true,"href":"https:\/\/asekaendustriyel.com\/index.php\/wp-json\/wp\/v2\/product_cat?post=4381"},{"taxonomy":"product_tag","embeddable":true,"href":"https:\/\/asekaendustriyel.com\/index.php\/wp-json\/wp\/v2\/product_tag?post=4381"}],"curies":[{"name":"wp","href":"https:\/\/api.w.org\/{rel}","templated":true}]}}