{"id":4418,"date":"2025-10-27T21:02:40","date_gmt":"2025-10-27T18:02:40","guid":{"rendered":"https:\/\/asekaendustriyel.com\/?post_type=product&#038;p=4418"},"modified":"2025-10-27T21:03:55","modified_gmt":"2025-10-27T18:03:55","slug":"aksa-jenerator","status":"publish","type":"product","link":"https:\/\/asekaendustriyel.com\/index.php\/product\/aksa-jenerator\/","title":{"rendered":"Aksa Jenerat\u00f6r"},"content":{"rendered":"<p data-start=\"35\" data-end=\"473\">Aksa Jenerat\u00f6r, kesintisiz enerji ihtiyac\u0131na profesyonel ve g\u00fcvenilir bir \u00e7\u00f6z\u00fcm sunar. Y\u00fcksek performansl\u0131 motor teknolojisi sayesinde uzun \u00f6m\u00fcrl\u00fc, verimli ve d\u00fc\u015f\u00fck yak\u0131t t\u00fcketimli bir \u00e7al\u0131\u015fma sa\u011flar. Ev, i\u015f yeri, hastane, \u015fantiye ve end\u00fcstriyel tesisler gibi bir\u00e7ok alanda g\u00fcvenle kullan\u0131labilir. Sessiz \u00e7al\u0131\u015fma \u00f6zelli\u011fiyle konforlu bir kullan\u0131m deneyimi sunarken, g\u00fc\u00e7l\u00fc yap\u0131s\u0131 sayesinde zorlu ko\u015fullarda bile kesintisiz enerji \u00fcretir.<\/p>\n<p data-start=\"475\" data-end=\"787\">Aksa Jenerat\u00f6r, kullan\u0131c\u0131 dostu kontrol paneliyle kolay ba\u015flatma ve izleme imk\u00e2n\u0131 sunar. Otomatik voltaj reg\u00fclat\u00f6r\u00fc sayesinde cihazlar\u0131n\u0131z\u0131 dalgalanmalardan korur ve sabit enerji ak\u0131\u015f\u0131 sa\u011flar. Kompakt tasar\u0131m\u0131, ta\u015f\u0131may\u0131 ve kurulumunu kolayla\u015ft\u0131r\u0131r; dayan\u0131kl\u0131 g\u00f6vdesi uzun y\u0131llar sorunsuz kullan\u0131m imk\u00e2n\u0131 verir.<\/p>\n<p data-start=\"789\" data-end=\"1124\" data-is-last-node=\"\" data-is-only-node=\"\">D\u00fcnya standartlar\u0131nda kalite anlay\u0131\u015f\u0131yla \u00fcretilen Aksa Jenerat\u00f6r, y\u00fcksek g\u00fcvenlik donan\u0131mlar\u0131yla olas\u0131 ar\u0131zalara kar\u015f\u0131 maksimum koruma sa\u011flar. Acil durumlarda, elektrik kesintilerinde veya saha \u00e7al\u0131\u015fmalar\u0131nda g\u00fcvenilir enerji kayna\u011f\u0131n\u0131z olarak daima yan\u0131n\u0131zdad\u0131r. Aksa Jenerat\u00f6r \u2013 g\u00fcc\u00fcn kesilmedi\u011fi, enerjinin s\u00fcreklilik kazand\u0131\u011f\u0131<\/p>\n","protected":false},"excerpt":{"rendered":"<ul>\n<li><strong>Kesintisiz G\u00fc\u00e7 Kayna\u011f\u0131<\/strong><\/li>\n<li><strong>Y\u00fcksek Performans Verimlili\u011fi<\/strong><\/li>\n<li><strong>Dayan\u0131kl\u0131 G\u00fcvenilir Tasar\u0131m<\/strong><\/li>\n<\/ul>\n","protected":false},"featured_media":4419,"comment_status":"open","ping_status":"closed","template":"","meta":[],"product_brand":[],"product_cat":[15],"product_tag":[],"class_list":{"0":"post-4418","1":"product","2":"type-product","3":"status-publish","4":"has-post-thumbnail","6":"product_cat-tum-urunler","8":"first","9":"instock","10":"sale","11":"shipping-taxable","12":"purchasable","13":"product-type-simple"},"_links":{"self":[{"href":"https:\/\/asekaendustriyel.com\/index.php\/wp-json\/wp\/v2\/product\/4418","targetHints":{"allow":["GET"]}}],"collection":[{"href":"https:\/\/asekaendustriyel.com\/index.php\/wp-json\/wp\/v2\/product"}],"about":[{"href":"https:\/\/asekaendustriyel.com\/index.php\/wp-json\/wp\/v2\/types\/product"}],"replies":[{"embeddable":true,"href":"https:\/\/asekaendustriyel.com\/index.php\/wp-json\/wp\/v2\/comments?post=4418"}],"wp:featuredmedia":[{"embeddable":true,"href":"https:\/\/asekaendustriyel.com\/index.php\/wp-json\/wp\/v2\/media\/4419"}],"wp:attachment":[{"href":"https:\/\/asekaendustriyel.com\/index.php\/wp-json\/wp\/v2\/media?parent=4418"}],"wp:term":[{"taxonomy":"product_brand","embeddable":true,"href":"https:\/\/asekaendustriyel.com\/index.php\/wp-json\/wp\/v2\/product_brand?post=4418"},{"taxonomy":"product_cat","embeddable":true,"href":"https:\/\/asekaendustriyel.com\/index.php\/wp-json\/wp\/v2\/product_cat?post=4418"},{"taxonomy":"product_tag","embeddable":true,"href":"https:\/\/asekaendustriyel.com\/index.php\/wp-json\/wp\/v2\/product_tag?post=4418"}],"curies":[{"name":"wp","href":"https:\/\/api.w.org\/{rel}","templated":true}]}}